{"id":87839,"date":"2022-11-21T17:09:52","date_gmt":"2022-11-21T17:09:52","guid":{"rendered":"https:\/\/dominio-teste.pt\/formidable\/?page_id=87839"},"modified":"2023-03-22T09:05:16","modified_gmt":"2023-03-22T09:05:16","slug":"home","status":"publish","type":"page","link":"https:\/\/dominio-teste.pt\/formidable\/","title":{"rendered":"Home"},"content":{"rendered":"<p>[vc_row row_height_percent=&#8221;0&#8243; override_padding=&#8221;yes&#8221; h_padding=&#8221;2&#8243; top_padding=&#8221;3&#8243; bottom_padding=&#8221;3&#8243; overlay_alpha=&#8221;100&#8243; gutter_size=&#8221;100&#8243; column_width_percent=&#8221;100&#8243; shift_y=&#8221;0&#8243; z_index=&#8221;0&#8243; style=&#8221;inherited&#8221;][vc_column column_width_percent=&#8221;100&#8243; gutter_size=&#8221;3&#8243; overlay_alpha=&#8221;100&#8243; shift_x=&#8221;0&#8243; shift_y=&#8221;0&#8243; medium_width=&#8221;0&#8243; zoom_width=&#8221;0&#8243; zoom_height=&#8221;0&#8243; width=&#8221;1\/1&#8243;][vc_row_inner row_inner_height_percent=&#8221;0&#8243; overlay_alpha=&#8221;100&#8243; gutter_size=&#8221;3&#8243; shift_y=&#8221;0&#8243;][vc_column_inner column_width_use_pixel=&#8221;yes&#8221; align_horizontal=&#8221;align_center&#8221; gutter_size=&#8221;3&#8243; font_family=&#8221;font-134980&#8243; overlay_alpha=&#8221;100&#8243; shift_x=&#8221;0&#8243; shift_y=&#8221;0&#8243; medium_width=&#8221;0&#8243; zoom_width=&#8221;0&#8243; zoom_height=&#8221;0&#8243; width=&#8221;1\/1&#8243; column_width_pixel=&#8221;700&#8243;][vc_custom_heading text_font=&#8221;font-762333&#8243; text_space=&#8221;fontspace-111509&#8243; sub_lead=&#8221;yes&#8221; text_align=&#8221;text-center&#8221; subheading=&#8221;A PLATAFORMADAN\u00c7A \u2013 Associa\u00e7\u00e3o Nacional de Dan\u00e7a foi formalmente constitu\u00edda a 29 de Setembro e pretende ser uma associa\u00e7\u00e3o que congrega profissionais e institui\u00e7\u00f5es de dan\u00e7a.<br \/>\nUma associa\u00e7\u00e3o que ir\u00e1 lutar pela Dan\u00e7a em Portugal!<br \/>\nObrigado a todos os que nos \u00faltimos 40 anos sempre sonharam que este dia seria poss\u00edvel. Obrigado a todos os que trabalham no dia a dia para levar a dan\u00e7a mais longe!<br \/>\nA Dan\u00e7a precisa de todos n\u00f3s! Unidos somos mais fortes!&#8221;]Bem-vindos \u00e0 p\u00e1gina da PLATAFORMADAN\u00c7A[\/vc_custom_heading][vc_column_text]<\/p>\n<h3 style=\"text-align: center; text-transform: uppercase;\"><a href=\"https:\/\/www.facebook.com\/hashtag\/unidospeladanca?__eep__=6&amp;__cft__[0]=AZUzELVz6wgLjJlHag03AGFVQAtf9npXEq4_iubpud9n3yVPA9RhCV3n9vzsTIdGdd9fB8Pv6Gpj_iYALJHUgRDCGHvFExzeVgF6UsNDlv4tDhg87qz1NZkH5q1oesXtw6HRsQ2X9Sy5eKs_GvKaOtPlYyr_4TLpiBJJWm8IMuiQdPTFOi7Z69CLz4uaI0qOA_Q&amp;__tn__=*NK-R\" target=\"_blank\" rel=\"noopener\">#unidospeladanca<\/a><\/h3>\n<p>[\/vc_column_text][vc_message message_color=&#8221;accent&#8221;]<em>&#8220;Andamos h\u00e1 40 anos a lutar para unir o sector da dan\u00e7a em Portugal.<br \/>\nTeve de vir um v\u00edrus para o conseguirmos.&#8221;<\/em>[\/vc_message][\/vc_column_inner][\/vc_row_inner][\/vc_column][\/vc_row][vc_row row_height_percent=&#8221;0&#8243; override_padding=&#8221;yes&#8221; h_padding=&#8221;2&#8243; top_padding=&#8221;3&#8243; bottom_padding=&#8221;3&#8243; back_color=&#8221;color-143410&#8243; overlay_alpha=&#8221;0&#8243; gutter_size=&#8221;100&#8243; column_width_percent=&#8221;100&#8243; shift_y=&#8221;0&#8243; z_index=&#8221;0&#8243; style=&#8221;inherited&#8221;][vc_column column_width_percent=&#8221;100&#8243; gutter_size=&#8221;3&#8243; overlay_alpha=&#8221;100&#8243; shift_x=&#8221;0&#8243; shift_y=&#8221;0&#8243; medium_width=&#8221;0&#8243; zoom_width=&#8221;0&#8243; zoom_height=&#8221;0&#8243; width=&#8221;1\/1&#8243;][vc_row_inner row_inner_height_percent=&#8221;0&#8243; overlay_alpha=&#8221;100&#8243; gutter_size=&#8221;3&#8243; shift_y=&#8221;0&#8243;][vc_column_inner column_width_use_pixel=&#8221;yes&#8221; align_horizontal=&#8221;align_center&#8221; gutter_size=&#8221;3&#8243; font_family=&#8221;font-134980&#8243; overlay_alpha=&#8221;100&#8243; shift_x=&#8221;0&#8243; shift_y=&#8221;0&#8243; medium_width=&#8221;0&#8243; zoom_width=&#8221;0&#8243; zoom_height=&#8221;0&#8243; width=&#8221;1\/1&#8243; column_width_pixel=&#8221;700&#8243;][vc_single_image media=&#8221;87847&#8243; media_width_percent=&#8221;100&#8243; alignment=&#8221;center&#8221;][\/vc_column_inner][\/vc_row_inner][\/vc_column][\/vc_row][vc_row row_height_percent=&#8221;0&#8243; overlay_alpha=&#8221;50&#8243; gutter_size=&#8221;3&#8243; column_width_percent=&#8221;100&#8243; shift_y=&#8221;0&#8243; z_index=&#8221;0&#8243; el_class=&#8221;noticias&#8221;][vc_column width=&#8221;1\/1&#8243;][vc_custom_heading text_font=&#8221;font-762333&#8243; text_space=&#8221;fontspace-111509&#8243; sub_lead=&#8221;yes&#8221; text_align=&#8221;text-center&#8221;]<\/p>\n<h2 style=\"text-align: center; margin-top: 10px; margin-bottom: 10px;\">Not\u00edcias<\/h2>\n<p>[\/vc_custom_heading][uncode_index el_id=&#8221;index-196513&#8243; loop=&#8221;size:6|order_by:date|post_type:post|taxonomy_count:10&#8243; gutter_size=&#8221;3&#8243; post_items=&#8221;media|featured|onpost|original,title,text|excerpt|170,link|default|default_size|Ler Mais,sep-one|full&#8221; screen_lg=&#8221;1000&#8243; screen_md=&#8221;600&#8243; screen_sm=&#8221;480&#8243; single_overlay_opacity=&#8221;50&#8243; single_padding=&#8221;2&#8243;][vc_button border_width=&#8221;0&#8243; link=&#8221;url:https%3A%2F%2Fdominio-teste.pt%2Fformidable%2Fnoticias%2F|title:Ver%20Mais&#8221;]Ver Mais[\/vc_button][\/vc_column][\/vc_row][vc_row row_height_percent=&#8221;0&#8243; overlay_alpha=&#8221;50&#8243; gutter_size=&#8221;3&#8243; column_width_percent=&#8221;100&#8243; shift_y=&#8221;0&#8243; z_index=&#8221;0&#8243; el_class=&#8221;noticias&#8221;][vc_column width=&#8221;1\/1&#8243;][vc_custom_heading text_font=&#8221;font-762333&#8243; text_space=&#8221;fontspace-111509&#8243; sub_lead=&#8221;yes&#8221; text_align=&#8221;text-center&#8221;]<\/p>\n<h2 style=\"text-align: center; margin-top: 10px; margin-bottom: 10px;\">Eventos<\/h2>\n<p>[\/vc_custom_heading][vc_column_text]<!=========Carousel View Template 2.9.5=========><div id=\"ect-carousel-wrapper\" class=\"ect-events-carousel-style-1 all\"><div class=\"ect-carousel-outer ect-events-carousel\"><section id=\"ect-carousel-view-style-15557\" class=\"ect-carousel ect-events-carousel\" data-sizes=\"50vw\"><\/section><\/div><\/div><div class=\"ect-no-events\"><p>Neste momento, ainda n\u00e3o h\u00e1 eventos agendados<\/p><\/div>[\/vc_column_text][vc_button border_width=&#8221;0&#8243; link=&#8221;url:https%3A%2F%2Fdominio-teste.pt%2Fformidable%2Feventos%2F|title:Ver%20Calend%C3%A1rio&#8221;]Ver Calend\u00e1rio[\/vc_button][\/vc_column][\/vc_row]<\/p>\n","protected":false},"excerpt":{"rendered":"<p>[vc_row row_height_percent=&#8221;0&#8243; override_padding=&#8221;yes&#8221; h_padding=&#8221;2&#8243; top_padding=&#8221;3&#8243; bottom_padding=&#8221;3&#8243; overlay_alpha=&#8221;100&#8243; gutter_size=&#8221;100&#8243; column_width_percent=&#8221;100&#8243; shift_y=&#8221;0&#8243; z_index=&#8221;0&#8243; style=&#8221;inherited&#8221;][vc_column column_width_percent=&#8221;100&#8243; gutter_size=&#8221;3&#8243; overlay_alpha=&#8221;100&#8243; shift_x=&#8221;0&#8243; shift_y=&#8221;0&#8243; medium_width=&#8221;0&#8243; zoom_width=&#8221;0&#8243; zoom_height=&#8221;0&#8243; [&hellip;]<\/p>\n","protected":false},"author":1,"featured_media":0,"parent":0,"menu_order":0,"comment_status":"closed","ping_status":"closed","template":"","meta":{"footnotes":""},"class_list":["post-87839","page","type-page","status-publish","hentry"],"_links":{"self":[{"href":"https:\/\/dominio-teste.pt\/formidable\/wp-json\/wp\/v2\/pages\/87839"}],"collection":[{"href":"https:\/\/dominio-teste.pt\/formidable\/wp-json\/wp\/v2\/pages"}],"about":[{"href":"https:\/\/dominio-teste.pt\/formidable\/wp-json\/wp\/v2\/types\/page"}],"author":[{"embeddable":true,"href":"https:\/\/dominio-teste.pt\/formidable\/wp-json\/wp\/v2\/users\/1"}],"replies":[{"embeddable":true,"href":"https:\/\/dominio-teste.pt\/formidable\/wp-json\/wp\/v2\/comments?post=87839"}],"version-history":[{"count":29,"href":"https:\/\/dominio-teste.pt\/formidable\/wp-json\/wp\/v2\/pages\/87839\/revisions"}],"predecessor-version":[{"id":89568,"href":"https:\/\/dominio-teste.pt\/formidable\/wp-json\/wp\/v2\/pages\/87839\/revisions\/89568"}],"wp:attachment":[{"href":"https:\/\/dominio-teste.pt\/formidable\/wp-json\/wp\/v2\/media?parent=87839"}],"curies":[{"name":"wp","href":"https:\/\/api.w.org\/{rel}","templated":true}]}}