{"id":87884,"date":"2022-11-21T18:41:54","date_gmt":"2022-11-21T18:41:54","guid":{"rendered":"https:\/\/dominio-teste.pt\/formidable\/?page_id=87884"},"modified":"2023-04-27T13:37:39","modified_gmt":"2023-04-27T12:37:39","slug":"associacao","status":"publish","type":"page","link":"https:\/\/dominio-teste.pt\/formidable\/associacao\/","title":{"rendered":"A Associa\u00e7\u00e3o"},"content":{"rendered":"<p>[vc_row row_height_percent=&#8221;50&#8243; override_padding=&#8221;yes&#8221; h_padding=&#8221;2&#8243; top_padding=&#8221;3&#8243; bottom_padding=&#8221;3&#8243; back_color=&#8221;color-wayh&#8221; back_image=&#8221;87844&#8243; back_position=&#8221;center center&#8221; overlay_color=&#8221;accent&#8221; overlay_alpha=&#8221;0&#8243; gutter_size=&#8221;3&#8243; column_width_percent=&#8221;100&#8243; shift_y=&#8221;0&#8243; z_index=&#8221;0&#8243;][vc_column column_width_percent=&#8221;100&#8243; position_vertical=&#8221;bottom&#8221; gutter_size=&#8221;3&#8243; style=&#8221;dark&#8221; overlay_alpha=&#8221;50&#8243; shift_x=&#8221;0&#8243; shift_y=&#8221;0&#8243; medium_width=&#8221;0&#8243; zoom_width=&#8221;0&#8243; zoom_height=&#8221;0&#8243; width=&#8221;1\/1&#8243;][vc_empty_space empty_h=&#8221;5&#8243;][vc_empty_space empty_h=&#8221;5&#8243;][vc_empty_space empty_h=&#8221;5&#8243;][\/vc_column][\/vc_row][vc_row row_height_percent=&#8221;0&#8243; override_padding=&#8221;yes&#8221; h_padding=&#8221;2&#8243; top_padding=&#8221;3&#8243; bottom_padding=&#8221;3&#8243; overlay_alpha=&#8221;100&#8243; gutter_size=&#8221;100&#8243; column_width_percent=&#8221;100&#8243; shift_y=&#8221;0&#8243; z_index=&#8221;0&#8243; style=&#8221;inherited&#8221;][vc_column column_width_percent=&#8221;100&#8243; gutter_size=&#8221;3&#8243; overlay_alpha=&#8221;100&#8243; shift_x=&#8221;0&#8243; shift_y=&#8221;0&#8243; medium_width=&#8221;0&#8243; zoom_width=&#8221;0&#8243; zoom_height=&#8221;0&#8243; width=&#8221;1\/1&#8243;][vc_row_inner row_inner_height_percent=&#8221;0&#8243; overlay_alpha=&#8221;100&#8243; gutter_size=&#8221;3&#8243; shift_y=&#8221;0&#8243;][vc_column_inner column_width_use_pixel=&#8221;yes&#8221; align_horizontal=&#8221;align_center&#8221; gutter_size=&#8221;3&#8243; font_family=&#8221;font-134980&#8243; overlay_alpha=&#8221;100&#8243; shift_x=&#8221;0&#8243; shift_y=&#8221;0&#8243; medium_width=&#8221;0&#8243; zoom_width=&#8221;0&#8243; zoom_height=&#8221;0&#8243; width=&#8221;1\/1&#8243; column_width_pixel=&#8221;700&#8243;][vc_custom_heading text_font=&#8221;font-762333&#8243; text_space=&#8221;fontspace-111509&#8243; sub_lead=&#8221;yes&#8221; text_align=&#8221;text-center&#8221; subheading=&#8221;A PLATAFORMADAN\u00c7A &#8211; Associa\u00e7\u00e3o Nacional de Dan\u00e7a foi formalmente constitu\u00edda a 29 de Setembro e pretende ser uma associa\u00e7\u00e3o que congrega profissionais e institui\u00e7\u00f5es de dan\u00e7a.<br \/>\nUma associa\u00e7\u00e3o que ir\u00e1 lutar pela Dan\u00e7a em Portugal!<br \/>\nObrigado a todos os que nos \u00faltimos 40 anos sempre sonharam que este dia seria poss\u00edvel. Obrigado a todos os que trabalham no dia a dia para levar a dan\u00e7a mais longe!<br \/>\nA Dan\u00e7a precisa de todos n\u00f3s! Unidos somos mais fortes!&#8221;]Fundada em 2020[\/vc_custom_heading][vc_column_text]<\/p>\n<h3 style=\"text-align: center; text-transform: uppercase;\"><a href=\"https:\/\/www.facebook.com\/hashtag\/unidospeladanca?__eep__=6&amp;__cft__[0]=AZUzELVz6wgLjJlHag03AGFVQAtf9npXEq4_iubpud9n3yVPA9RhCV3n9vzsTIdGdd9fB8Pv6Gpj_iYALJHUgRDCGHvFExzeVgF6UsNDlv4tDhg87qz1NZkH5q1oesXtw6HRsQ2X9Sy5eKs_GvKaOtPlYyr_4TLpiBJJWm8IMuiQdPTFOi7Z69CLz4uaI0qOA_Q&amp;__tn__=*NK-R\" target=\"_blank\" rel=\"noopener\">#unidospeladanca<\/a><\/h3>\n<p>[\/vc_column_text][\/vc_column_inner][\/vc_row_inner][\/vc_column][\/vc_row][vc_row unlock_row_content=&#8221;yes&#8221; row_height_percent=&#8221;0&#8243; override_padding=&#8221;yes&#8221; h_padding=&#8221;0&#8243; top_padding=&#8221;3&#8243; bottom_padding=&#8221;3&#8243; back_color=&#8221;color-143410&#8243; overlay_alpha=&#8221;0&#8243; gutter_size=&#8221;100&#8243; column_width_percent=&#8221;100&#8243; shift_y=&#8221;0&#8243; z_index=&#8221;0&#8243; style=&#8221;inherited&#8221; el_class=&#8221;objectivos&#8221;][vc_column column_width_percent=&#8221;100&#8243; gutter_size=&#8221;3&#8243; overlay_alpha=&#8221;100&#8243; shift_x=&#8221;0&#8243; shift_y=&#8221;0&#8243; medium_width=&#8221;0&#8243; zoom_width=&#8221;0&#8243; zoom_height=&#8221;0&#8243; width=&#8221;1\/1&#8243;][vc_row_inner row_inner_height_percent=&#8221;0&#8243; overlay_alpha=&#8221;100&#8243; gutter_size=&#8221;3&#8243; shift_y=&#8221;0&#8243;][vc_column_inner column_width_use_pixel=&#8221;yes&#8221; align_horizontal=&#8221;align_center&#8221; gutter_size=&#8221;3&#8243; font_family=&#8221;font-134980&#8243; overlay_alpha=&#8221;100&#8243; shift_x=&#8221;0&#8243; shift_y=&#8221;0&#8243; medium_width=&#8221;0&#8243; zoom_width=&#8221;0&#8243; zoom_height=&#8221;0&#8243; width=&#8221;1\/1&#8243; column_width_pixel=&#8221;700&#8243;][vc_custom_heading text_font=&#8221;font-762333&#8243; text_space=&#8221;fontspace-111509&#8243; text_color=&#8221;color-xsdn&#8221; sub_lead=&#8221;yes&#8221; text_align=&#8221;text-center&#8221;]Os Nossos Objetivos[\/vc_custom_heading][vc_column_text el_class=&#8221;white-text&#8221;]<\/p>\n<p style=\"text-align: left; font-size: 18px; line-height: 1.75; font-family: 'Droid Serif' !important;\">a) Promover a Dan\u00e7a em Portugal;<\/p>\n<p style=\"text-align: left; font-size: 18px; line-height: 1.75; font-family: 'Droid Serif' !important;\">b) Promover a Dan\u00e7a portuguesa e os seus profissionais e estruturas em contexto internacional;<\/p>\n<p style=\"text-align: left; font-size: 18px; line-height: 1.75; font-family: 'Droid Serif' !important;\">c) Defender os interesses dos profissionais e estruturas de dan\u00e7a em Portugal;<\/p>\n<p style=\"text-align: left; font-size: 18px; line-height: 1.75; font-family: 'Droid Serif' !important;\">d) Articular, promover e desenvolver a Dan\u00e7a, enquanto arte performativa com estatuto reconhecido na sociedade;<\/p>\n<p style=\"text-align: left; font-size: 18px; line-height: 1.75; font-family: 'Droid Serif' !important;\">e) Promover a educa\u00e7\u00e3o e forma\u00e7\u00e3o em Dan\u00e7a em todos os contextos educativos, culturais e sociais;<\/p>\n<p style=\"text-align: left; font-size: 18px; line-height: 1.75; font-family: 'Droid Serif' !important;\">f) Colaborar no desenvolvimento, articula\u00e7\u00e3o e promo\u00e7\u00e3o da dan\u00e7a junto das entidades reguladoras, governamentais e de tutela a n\u00edvel local, regional, nacional e internacional;<\/p>\n<p style=\"text-align: left; font-size: 18px; line-height: 1.75; font-family: 'Droid Serif' !important;\">g) Promover a regulamenta\u00e7\u00e3o, reconhecimento e certifica\u00e7\u00e3o da Dan\u00e7a;<\/p>\n<p style=\"text-align: left; font-size: 18px; line-height: 1.75; font-family: 'Droid Serif' !important;\">h) Promover o desenvolvimento da dan\u00e7a enquanto sector art\u00edstico, cultural, educativo, desportivo, econ\u00f3mico, social, terap\u00eautico, de sa\u00fade e tur\u00edstico de grande import\u00e2ncia para o pa\u00eds e para os cidad\u00e3os;<\/p>\n<p style=\"text-align: left; font-size: 18px; line-height: 1.75; font-family: 'Droid Serif' !important;\">i) Promover atividades de press\u00e3o (advocacy) junto das entidades p\u00fablicas e privadas em prol dos interesses da Associa\u00e7\u00e3o;<\/p>\n<p style=\"text-align: left; font-size: 18px; line-height: 1.75; font-family: 'Droid Serif' !important;\">j) Promover o estatuto do bailarino e\/ou profissional da dan\u00e7a nas suas diferentes val\u00eancias e capacidades: bailarino, professor, core\u00f3grafo, companhia de dan\u00e7a, estrutura de dan\u00e7a, escola de dan\u00e7a (vocacional, art\u00edstico, profissional, lazer, amador);<\/p>\n<p style=\"text-align: left; font-size: 18px; line-height: 1.75; font-family: 'Droid Serif' !important;\">k) Promover e defender uma arte que seja e esteja dispon\u00edvel a todos, independentemente da sua idade, territ\u00f3rio, etnia, intersecionalidade de g\u00e9nero, condi\u00e7\u00e3o econ\u00f3mica, social, f\u00edsica, cognitiva, intelectual ou mental;<\/p>\n<p style=\"text-align: left; font-size: 18px; line-height: 1.75; font-family: 'Droid Serif' !important;\">l) Promover e defender pr\u00e1ticas promissoras para a total frui\u00e7\u00e3o da dan\u00e7a por todos;<\/p>\n<p style=\"text-align: left; font-size: 18px; line-height: 1.75; font-family: 'Droid Serif' !important;\">m) Promover a forma\u00e7\u00e3o interna aos associados nas \u00e1reas transversais e do interesse dos mesmos com o objetivo de capacita\u00e7\u00e3o dos profissionais da dan\u00e7a;<\/p>\n<p style=\"text-align: left; font-size: 18px; line-height: 1.75; font-family: 'Droid Serif' !important;\">n) Promover a divulga\u00e7\u00e3o de informa\u00e7\u00f5es de car\u00e1ter t\u00e9cnico e profissional entre associados nomeadamente atrav\u00e9s de confer\u00eancias, a\u00e7\u00f5es de forma\u00e7\u00e3o e encontros que possibilitem a valoriza\u00e7\u00e3o dos mesmos;<\/p>\n<p style=\"text-align: left; font-size: 18px; line-height: 1.75; font-family: 'Droid Serif' !important;\">o) Promover um congresso anual como forma de promover a discuss\u00e3o e o desenvolvimento da dan\u00e7a;<\/p>\n<p style=\"text-align: left; font-size: 18px; line-height: 1.75; font-family: 'Droid Serif' !important;\">p) Apoiar moral e materialmente o estudo cient\u00edfico da Dan\u00e7a.<\/p>\n<p>[\/vc_column_text][\/vc_column_inner][\/vc_row_inner][\/vc_column][\/vc_row][vc_row row_height_percent=&#8221;0&#8243; override_padding=&#8221;yes&#8221; h_padding=&#8221;2&#8243; top_padding=&#8221;3&#8243; bottom_padding=&#8221;2&#8243; overlay_alpha=&#8221;100&#8243; gutter_size=&#8221;100&#8243; column_width_percent=&#8221;100&#8243; shift_y=&#8221;0&#8243; z_index=&#8221;0&#8243; style=&#8221;inherited&#8221; shape_dividers=&#8221;&#8221;][vc_column column_width_percent=&#8221;100&#8243; gutter_size=&#8221;3&#8243; overlay_alpha=&#8221;100&#8243; shift_x=&#8221;0&#8243; shift_y=&#8221;0&#8243; medium_width=&#8221;0&#8243; zoom_width=&#8221;0&#8243; zoom_height=&#8221;0&#8243; width=&#8221;1\/1&#8243;][vc_row_inner row_inner_height_percent=&#8221;0&#8243; overlay_alpha=&#8221;100&#8243; gutter_size=&#8221;3&#8243; shift_y=&#8221;0&#8243;][vc_column_inner column_width_use_pixel=&#8221;yes&#8221; align_horizontal=&#8221;align_center&#8221; gutter_size=&#8221;3&#8243; font_family=&#8221;font-134980&#8243; overlay_alpha=&#8221;100&#8243; shift_x=&#8221;0&#8243; shift_y=&#8221;0&#8243; medium_width=&#8221;0&#8243; zoom_width=&#8221;0&#8243; zoom_height=&#8221;0&#8243; width=&#8221;1\/1&#8243; column_width_pixel=&#8221;700&#8243;][vc_custom_heading text_font=&#8221;font-762333&#8243; text_space=&#8221;fontspace-111509&#8243; sub_lead=&#8221;yes&#8221; text_align=&#8221;text-center&#8221;]Estatutos PLATAFORMADAN\u00c7A[\/vc_custom_heading][vc_column_text]\r\n<div \r\n    class='wp-block-pdfp-pdf-poster  alignnone'\r\n    id='pdfp-2'\r\n    data-attributes='{&quot;uniqueId&quot;:&quot;pdfp1&quot;,&quot;file&quot;:&quot;https:\\\/\\\/dominio-teste.pt\\\/formidable\\\/wp-content\\\/uploads\\\/2023\\\/04\\\/LISTAS-CANDIDATAS-AOS-ORGAOS-SOCIAIS-PLATAFORMADANCA-TRIENIO-2020-2023.pdf&quot;,&quot;height&quot;:&quot;700px&quot;,&quot;width&quot;:&quot;100%&quot;,&quot;print&quot;:true,&quot;fullscreenButton&quot;:true,&quot;fullscreenButtonText&quot;:&quot;View Fullscreen&quot;,&quot;newWindow&quot;:false,&quot;showName&quot;:false,&quot;downloadButton&quot;:false,&quot;downloadButtonText&quot;:&quot;Download File&quot;,&quot;protect&quot;:false,&quot;onlyPDF&quot;:false,&quot;defaultBrowser&quot;:false,&quot;thumbMenu&quot;:false,&quot;initialPage&quot;:0,&quot;sidebarOpen&quot;:false,&quot;lastVersion&quot;:false,&quot;hrScroll&quot;:false,&quot;alert&quot;:true,&quot;align&quot;:&quot;none&quot;,&quot;alignment&quot;:&quot;left&quot;,&quot;title&quot;:&quot;&quot;,&quot;titleFontSize&quot;:&quot;16px&quot;,&quot;additional&quot;:{&quot;ID&quot;:&quot;&quot;,&quot;Class&quot;:&quot;&quot;,&quot;CSS&quot;:&quot;&quot;},&quot;adobeEmbedder&quot;:false,&quot;adobeOptions&quot;:{&quot;showDownloadPDF&quot;:true,&quot;showPrintPDF&quot;:true,&quot;showAnnotationTools&quot;:true,&quot;showFullScreen&quot;:false,&quot;embedMode&quot;:&quot;SIZED_CONTAINER&quot;},&quot;popupBtnStyle&quot;:{&quot;background&quot;:&quot;#2271b1&quot;,&quot;color&quot;:&quot;#fff&quot;,&quot;padding&quot;:{&quot;top&quot;:10,&quot;right&quot;:20,&quot;bottom&quot;:10,&quot;left&quot;:10}},&quot;popupBtnText&quot;:&quot;Open Document&quot;,&quot;CSS&quot;:&quot;&quot;}'\r\n    style=\"text-align: left\"\r\n>\r\n<\/div>[\/vc_column_text][\/vc_column_inner][\/vc_row_inner][\/vc_column][\/vc_row][vc_row row_height_percent=&#8221;0&#8243; override_padding=&#8221;yes&#8221; h_padding=&#8221;2&#8243; top_padding=&#8221;3&#8243; bottom_padding=&#8221;3&#8243; overlay_alpha=&#8221;100&#8243; gutter_size=&#8221;100&#8243; column_width_percent=&#8221;100&#8243; shift_y=&#8221;0&#8243; z_index=&#8221;0&#8243; style=&#8221;inherited&#8221;][vc_column column_width_percent=&#8221;100&#8243; gutter_size=&#8221;3&#8243; overlay_alpha=&#8221;100&#8243; shift_x=&#8221;0&#8243; shift_y=&#8221;0&#8243; medium_width=&#8221;0&#8243; zoom_width=&#8221;0&#8243; zoom_height=&#8221;0&#8243; width=&#8221;1\/1&#8243;][vc_row_inner row_inner_height_percent=&#8221;0&#8243; overlay_alpha=&#8221;100&#8243; gutter_size=&#8221;3&#8243; shift_y=&#8221;0&#8243;][vc_column_inner column_width_use_pixel=&#8221;yes&#8221; align_horizontal=&#8221;align_center&#8221; gutter_size=&#8221;3&#8243; font_family=&#8221;font-134980&#8243; overlay_alpha=&#8221;100&#8243; shift_x=&#8221;0&#8243; shift_y=&#8221;0&#8243; medium_width=&#8221;0&#8243; zoom_width=&#8221;0&#8243; zoom_height=&#8221;0&#8243; width=&#8221;1\/1&#8243; column_width_pixel=&#8221;700&#8243;][vc_custom_heading text_font=&#8221;font-762333&#8243; text_space=&#8221;fontspace-111509&#8243; sub_lead=&#8221;yes&#8221; text_align=&#8221;text-center&#8221;]Listas Candidatas aos \u00d3rg\u00e3os Sociais PLATAFORMADAN\u00c7A[\/vc_custom_heading][vc_column_text]\r\n<div \r\n    class='wp-block-pdfp-pdf-poster  alignnone'\r\n    id='pdfp-4'\r\n    data-attributes='{&quot;uniqueId&quot;:&quot;pdfp3&quot;,&quot;file&quot;:&quot;https:\\\/\\\/dominio-teste.pt\\\/formidable\\\/wp-content\\\/uploads\\\/2022\\\/11\\\/Estatutos-PlataformaDanca.pdf&quot;,&quot;height&quot;:&quot;700px&quot;,&quot;width&quot;:&quot;100%&quot;,&quot;print&quot;:true,&quot;fullscreenButton&quot;:true,&quot;fullscreenButtonText&quot;:&quot;View Fullscreen&quot;,&quot;newWindow&quot;:false,&quot;showName&quot;:false,&quot;downloadButton&quot;:false,&quot;downloadButtonText&quot;:&quot;Download File&quot;,&quot;protect&quot;:false,&quot;onlyPDF&quot;:false,&quot;defaultBrowser&quot;:false,&quot;thumbMenu&quot;:false,&quot;initialPage&quot;:0,&quot;sidebarOpen&quot;:false,&quot;lastVersion&quot;:false,&quot;hrScroll&quot;:false,&quot;alert&quot;:true,&quot;align&quot;:&quot;none&quot;,&quot;alignment&quot;:&quot;left&quot;,&quot;title&quot;:&quot;&quot;,&quot;titleFontSize&quot;:&quot;16px&quot;,&quot;additional&quot;:{&quot;ID&quot;:&quot;&quot;,&quot;Class&quot;:&quot;&quot;,&quot;CSS&quot;:&quot;&quot;},&quot;adobeEmbedder&quot;:false,&quot;adobeOptions&quot;:{&quot;showDownloadPDF&quot;:true,&quot;showPrintPDF&quot;:true,&quot;showAnnotationTools&quot;:true,&quot;showFullScreen&quot;:false,&quot;embedMode&quot;:&quot;SIZED_CONTAINER&quot;},&quot;popupBtnStyle&quot;:{&quot;background&quot;:&quot;#2271b1&quot;,&quot;color&quot;:&quot;#fff&quot;,&quot;padding&quot;:{&quot;top&quot;:10,&quot;right&quot;:20,&quot;bottom&quot;:10,&quot;left&quot;:10}},&quot;popupBtnText&quot;:&quot;Open Document&quot;,&quot;CSS&quot;:&quot;&quot;}'\r\n    style=\"text-align: left\"\r\n>\r\n<\/div>[\/vc_column_text][\/vc_column_inner][\/vc_row_inner][\/vc_column][\/vc_row]<\/p>\n","protected":false},"excerpt":{"rendered":"<p>[vc_row row_height_percent=&#8221;50&#8243; override_padding=&#8221;yes&#8221; h_padding=&#8221;2&#8243; top_padding=&#8221;3&#8243; bottom_padding=&#8221;3&#8243; back_color=&#8221;color-wayh&#8221; back_image=&#8221;87844&#8243; back_position=&#8221;center center&#8221; overlay_color=&#8221;accent&#8221; overlay_alpha=&#8221;0&#8243; gutter_size=&#8221;3&#8243; column_width_percent=&#8221;100&#8243; shift_y=&#8221;0&#8243; z_index=&#8221;0&#8243;][vc_column column_width_percent=&#8221;100&#8243; position_vertical=&#8221;bottom&#8221; gutter_size=&#8221;3&#8243; style=&#8221;dark&#8221; [&hellip;]<\/p>\n","protected":false},"author":1,"featured_media":0,"parent":0,"menu_order":0,"comment_status":"closed","ping_status":"closed","template":"","meta":{"footnotes":""},"class_list":["post-87884","page","type-page","status-publish","hentry"],"_links":{"self":[{"href":"https:\/\/dominio-teste.pt\/formidable\/wp-json\/wp\/v2\/pages\/87884"}],"collection":[{"href":"https:\/\/dominio-teste.pt\/formidable\/wp-json\/wp\/v2\/pages"}],"about":[{"href":"https:\/\/dominio-teste.pt\/formidable\/wp-json\/wp\/v2\/types\/page"}],"author":[{"embeddable":true,"href":"https:\/\/dominio-teste.pt\/formidable\/wp-json\/wp\/v2\/users\/1"}],"replies":[{"embeddable":true,"href":"https:\/\/dominio-teste.pt\/formidable\/wp-json\/wp\/v2\/comments?post=87884"}],"version-history":[{"count":20,"href":"https:\/\/dominio-teste.pt\/formidable\/wp-json\/wp\/v2\/pages\/87884\/revisions"}],"predecessor-version":[{"id":89606,"href":"https:\/\/dominio-teste.pt\/formidable\/wp-json\/wp\/v2\/pages\/87884\/revisions\/89606"}],"wp:attachment":[{"href":"https:\/\/dominio-teste.pt\/formidable\/wp-json\/wp\/v2\/media?parent=87884"}],"curies":[{"name":"wp","href":"https:\/\/api.w.org\/{rel}","templated":true}]}}